{"id":2885,"date":"2023-07-09T09:15:02","date_gmt":"2023-07-09T09:15:02","guid":{"rendered":"http:\/\/madeinparisclinic.com\/notre-service\/hydrafacial\/"},"modified":"2023-08-25T12:11:07","modified_gmt":"2023-08-25T12:11:07","slug":"hydrafacial","status":"publish","type":"page","link":"https:\/\/madeinparisclinic.com\/fr\/notre-service\/hydrafacial\/","title":{"rendered":"Hydrafacial"},"content":{"rendered":"\t\t<div data-elementor-type=\"wp-page\" data-elementor-id=\"2885\" class=\"elementor elementor-2885 elementor-622\" data-elementor-post-type=\"page\">\n\t\t\t\t\t\t\t\t\t<section class=\"elementor-section elementor-top-section elementor-element elementor-element-572a1f0 elementor-section-full_width elementor-section-height-default elementor-section-height-default\" data-id=\"572a1f0\" data-element_type=\"section\" data-settings=\"{&quot;background_background&quot;:&quot;classic&quot;,&quot;_ha_eqh_enable&quot;:false,&quot;ekit_has_onepagescroll_dot&quot;:&quot;yes&quot;}\">\n\t\t\t\t\t\t\t<div class=\"elementor-background-overlay\"><\/div>\n\t\t\t\t\t\t\t<div class=\"elementor-container elementor-column-gap-default\">\n\t\t\t\t\t<div class=\"elementor-column elementor-col-100 elementor-top-column elementor-element elementor-element-a801cf0\" data-id=\"a801cf0\" data-element_type=\"column\">\n\t\t\t<div class=\"elementor-widget-wrap elementor-element-populated\">\n\t\t\t\t\t\t\t\t<div class=\"elementor-element elementor-element-1c5733c elementor-widget elementor-widget-heading\" data-id=\"1c5733c\" data-element_type=\"widget\" data-settings=\"{&quot;ekit_we_effect_on&quot;:&quot;none&quot;}\" data-widget_type=\"heading.default\">\n\t\t\t\t<div class=\"elementor-widget-container\">\n\t\t\t<style>\/*! elementor - v3.14.0 - 26-06-2023 *\/\n.elementor-heading-title{padding:0;margin:0;line-height:1}.elementor-widget-heading .elementor-heading-title[class*=elementor-size-]>a{color:inherit;font-size:inherit;line-height:inherit}.elementor-widget-heading .elementor-heading-title.elementor-size-small{font-size:15px}.elementor-widget-heading .elementor-heading-title.elementor-size-medium{font-size:19px}.elementor-widget-heading .elementor-heading-title.elementor-size-large{font-size:29px}.elementor-widget-heading .elementor-heading-title.elementor-size-xl{font-size:39px}.elementor-widget-heading .elementor-heading-title.elementor-size-xxl{font-size:59px}<\/style><h2 class=\"elementor-heading-title elementor-size-default\">Hydrafacial<\/h2>\t\t<\/div>\n\t\t\t\t<\/div>\n\t\t\t\t\t<\/div>\n\t\t<\/div>\n\t\t\t\t\t\t\t<\/div>\n\t\t<\/section>\n\t\t\t\t<section class=\"elementor-section elementor-top-section elementor-element elementor-element-58faa8a2 elementor-reverse-mobile elementor-section-boxed elementor-section-height-default elementor-section-height-default\" data-id=\"58faa8a2\" data-element_type=\"section\" data-settings=\"{&quot;_ha_eqh_enable&quot;:false,&quot;ekit_has_onepagescroll_dot&quot;:&quot;yes&quot;}\">\n\t\t\t\t\t\t<div class=\"elementor-container elementor-column-gap-default\">\n\t\t\t\t\t<div class=\"elementor-column elementor-col-50 elementor-top-column elementor-element elementor-element-765a1953\" data-id=\"765a1953\" data-element_type=\"column\">\n\t\t\t<div class=\"elementor-widget-wrap elementor-element-populated\">\n\t\t\t\t\t\t\t\t<div class=\"elementor-element elementor-element-eab7424 elementor-widget elementor-widget-heading\" data-id=\"eab7424\" data-element_type=\"widget\" data-settings=\"{&quot;ekit_we_effect_on&quot;:&quot;none&quot;}\" data-widget_type=\"heading.default\">\n\t\t\t\t<div class=\"elementor-widget-container\">\n\t\t\t<h2 class=\"elementor-heading-title elementor-size-default\">Qu'est-ce qu'un HydraFacial ?<\/h2>\t\t<\/div>\n\t\t\t\t<\/div>\n\t\t\t\t<div class=\"elementor-element elementor-element-75adc071 elementor-widget elementor-widget-heading\" data-id=\"75adc071\" data-element_type=\"widget\" data-settings=\"{&quot;ekit_we_effect_on&quot;:&quot;none&quot;}\" data-widget_type=\"heading.default\">\n\t\t\t\t<div class=\"elementor-widget-container\">\n\t\t\t<h2 class=\"elementor-heading-title elementor-size-default\">L'HydraFacial est un traitement de resurfa\u00e7age \u00e0 l'hydra-dermabrasion qui prend soin de la peau en douceur mais de mani\u00e8re approfondie. Il gagne en popularit\u00e9 car il chouchoute la peau et la rend lisse, \u00e9clatante et d'apparence plus jeune. Ce traitement avanc\u00e9 se compose de plusieurs \u00e9tapes qui am\u00e9liorent consid\u00e9rablement l'apparence de la peau sans aucun temps d'arr\u00eat ni inconfort. \nCe qui rend le traitement HydraFacial unique, c'est la distribution de s\u00e9rums par la m\u00e9thode Vortex-Fusion. La conception en spirale brevet\u00e9e aide \u00e0 nettoyer, exfolier et \u00e9liminer les cellules mortes de la peau et les impuret\u00e9s En m\u00eame temps, elle infuse la peau avec des nutriments tels que des peptides, des antioxydants et de l'acide hyaluronique. Ces puissants nutriments offrent des r\u00e9sultats instantan\u00e9s et durables. Il convient aux peaux sensibles, sujettes \u00e0 l'acn\u00e9, grasses ou s\u00e8ches. Il est bien moins invasif que les traitements faciaux standards tels que les peelings chimiques, le resurfa\u00e7age au laser et autres. Les avantages du traitement HydraFacial, tels que le nettoyage, l'exfoliation, l'hydratation, peuvent aborder diff\u00e9rents probl\u00e8mes esth\u00e9tiques et m\u00e9dicaux de la peau, comme les rides fines, les pores dilat\u00e9s, les \u00e9ruptions cutan\u00e9es ou la peau terne \nLes r\u00e9sultats sont toujours coh\u00e9rents et imm\u00e9diats. Chaque HydraFacial offre un traitement de haute qualit\u00e9 avec des am\u00e9liorations visibles imm\u00e9diatement. <\/h2>\t\t<\/div>\n\t\t\t\t<\/div>\n\t\t\t\t\t<\/div>\n\t\t<\/div>\n\t\t\t\t<div class=\"elementor-column elementor-col-50 elementor-top-column elementor-element elementor-element-67e97721\" data-id=\"67e97721\" data-element_type=\"column\">\n\t\t\t<div class=\"elementor-widget-wrap elementor-element-populated\">\n\t\t\t\t\t\t\t\t<div class=\"elementor-element elementor-element-11d8d10 elementor-invisible elementor-widget elementor-widget-image\" data-id=\"11d8d10\" data-element_type=\"widget\" data-settings=\"{&quot;_animation&quot;:&quot;fadeInRight&quot;,&quot;ekit_we_effect_on&quot;:&quot;none&quot;}\" data-widget_type=\"image.default\">\n\t\t\t\t<div class=\"elementor-widget-container\">\n\t\t\t<style>\/*! elementor - v3.14.0 - 26-06-2023 *\/\n.elementor-widget-image{text-align:center}.elementor-widget-image a{display:inline-block}.elementor-widget-image a img[src$=\".svg\"]{width:48px}.elementor-widget-image img{vertical-align:middle;display:inline-block}<\/style>\t\t\t\t\t\t\t\t\t\t\t\t<img loading=\"lazy\" decoding=\"async\" width=\"1024\" height=\"683\" src=\"https:\/\/madeinparisclinic.com\/wp-content\/uploads\/2023\/07\/side-view-woman-receiving-microdermabrasion-therapy-forehead-beauty-spa-hydrafacial-procedure-cosmetology-clinic-1024x683.jpg\" class=\"attachment-large size-large wp-image-2783\" alt=\"\" srcset=\"https:\/\/madeinparisclinic.com\/wp-content\/uploads\/2023\/07\/side-view-woman-receiving-microdermabrasion-therapy-forehead-beauty-spa-hydrafacial-procedure-cosmetology-clinic-1024x683.jpg 1024w, https:\/\/madeinparisclinic.com\/wp-content\/uploads\/2023\/07\/side-view-woman-receiving-microdermabrasion-therapy-forehead-beauty-spa-hydrafacial-procedure-cosmetology-clinic-300x200.jpg 300w, https:\/\/madeinparisclinic.com\/wp-content\/uploads\/2023\/07\/side-view-woman-receiving-microdermabrasion-therapy-forehead-beauty-spa-hydrafacial-procedure-cosmetology-clinic-768x512.jpg 768w, https:\/\/madeinparisclinic.com\/wp-content\/uploads\/2023\/07\/side-view-woman-receiving-microdermabrasion-therapy-forehead-beauty-spa-hydrafacial-procedure-cosmetology-clinic.jpg 1500w\" sizes=\"(max-width: 1024px) 100vw, 1024px\" \/>\t\t\t\t\t\t\t\t\t\t\t\t\t\t\t<\/div>\n\t\t\t\t<\/div>\n\t\t\t\t\t<\/div>\n\t\t<\/div>\n\t\t\t\t\t\t\t<\/div>\n\t\t<\/section>\n\t\t\t\t\t\t\t<\/div>\n\t\t","protected":false},"excerpt":{"rendered":"<p>Qu&#8217;est-ce qu&#8217;un HydraFacial ? L&#8217;HydraFacial est un traitement de resurfa\u00e7age \u00e0 l&#8217;hydra-dermabrasion qui prend soin de la peau en douceur mais de mani\u00e8re approfondie. Il gagne en popularit\u00e9 car il chouchoute la peau et la rend lisse, \u00e9clatante et d&#8217;apparence plus jeune. Ce traitement avanc\u00e9 se compose de plusieurs \u00e9tapes qui am\u00e9liorent consid\u00e9rablement l&#8217;apparence de &hellip;<\/p>\n<p class=\"read-more\"> <a class=\"\" href=\"https:\/\/madeinparisclinic.com\/fr\/notre-service\/hydrafacial\/\"> <span class=\"screen-reader-text\">Hydrafacial<\/span> Lire la suite\u00a0\u00bb<\/a><\/p>\n","protected":false},"author":1,"featured_media":0,"parent":2855,"menu_order":0,"comment_status":"closed","ping_status":"closed","template":"","meta":{"site-sidebar-layout":"no-sidebar","site-content-layout":"page-builder","ast-global-header-display":"","ast-banner-title-visibility":"","ast-main-header-display":"","ast-hfb-above-header-display":"","ast-hfb-below-header-display":"","ast-hfb-mobile-header-display":"","site-post-title":"disabled","ast-breadcrumbs-content":"","ast-featured-img":"disabled","footer-sml-layout":"","theme-transparent-header-meta":"","adv-header-id-meta":"","stick-header-meta":"","header-above-stick-meta":"","header-main-stick-meta":"","header-below-stick-meta":"","footnotes":""},"_links":{"self":[{"href":"https:\/\/madeinparisclinic.com\/fr\/wp-json\/wp\/v2\/pages\/2885"}],"collection":[{"href":"https:\/\/madeinparisclinic.com\/fr\/wp-json\/wp\/v2\/pages"}],"about":[{"href":"https:\/\/madeinparisclinic.com\/fr\/wp-json\/wp\/v2\/types\/page"}],"author":[{"embeddable":true,"href":"https:\/\/madeinparisclinic.com\/fr\/wp-json\/wp\/v2\/users\/1"}],"replies":[{"embeddable":true,"href":"https:\/\/madeinparisclinic.com\/fr\/wp-json\/wp\/v2\/comments?post=2885"}],"version-history":[{"count":6,"href":"https:\/\/madeinparisclinic.com\/fr\/wp-json\/wp\/v2\/pages\/2885\/revisions"}],"predecessor-version":[{"id":3048,"href":"https:\/\/madeinparisclinic.com\/fr\/wp-json\/wp\/v2\/pages\/2885\/revisions\/3048"}],"up":[{"embeddable":true,"href":"https:\/\/madeinparisclinic.com\/fr\/wp-json\/wp\/v2\/pages\/2855"}],"wp:attachment":[{"href":"https:\/\/madeinparisclinic.com\/fr\/wp-json\/wp\/v2\/media?parent=2885"}],"curies":[{"name":"wp","href":"https:\/\/api.w.org\/{rel}","templated":true}]}}