{"id":2877,"date":"2023-07-09T09:13:51","date_gmt":"2023-07-09T09:13:51","guid":{"rendered":"http:\/\/madeinparisclinic.com\/notre-service\/traitements-capillaires\/"},"modified":"2023-08-25T12:12:29","modified_gmt":"2023-08-25T12:12:29","slug":"traitements-capillaires","status":"publish","type":"page","link":"https:\/\/madeinparisclinic.com\/fr\/notre-service\/traitements-capillaires\/","title":{"rendered":"Traitements capillaires"},"content":{"rendered":"\t\t<div data-elementor-type=\"wp-page\" data-elementor-id=\"2877\" class=\"elementor elementor-2877 elementor-612\" data-elementor-post-type=\"page\">\n\t\t\t\t\t\t\t\t\t<section class=\"elementor-section elementor-top-section elementor-element elementor-element-bd906bd elementor-section-full_width elementor-section-height-default elementor-section-height-default\" data-id=\"bd906bd\" data-element_type=\"section\" data-settings=\"{&quot;background_background&quot;:&quot;classic&quot;,&quot;_ha_eqh_enable&quot;:false,&quot;ekit_has_onepagescroll_dot&quot;:&quot;yes&quot;}\">\n\t\t\t\t\t\t\t<div class=\"elementor-background-overlay\"><\/div>\n\t\t\t\t\t\t\t<div class=\"elementor-container elementor-column-gap-default\">\n\t\t\t\t\t<div class=\"elementor-column elementor-col-100 elementor-top-column elementor-element elementor-element-a15354c\" data-id=\"a15354c\" data-element_type=\"column\">\n\t\t\t<div class=\"elementor-widget-wrap elementor-element-populated\">\n\t\t\t\t\t\t\t\t<div class=\"elementor-element elementor-element-c66745b elementor-widget elementor-widget-heading\" data-id=\"c66745b\" data-element_type=\"widget\" data-settings=\"{&quot;ekit_we_effect_on&quot;:&quot;none&quot;}\" data-widget_type=\"heading.default\">\n\t\t\t\t<div class=\"elementor-widget-container\">\n\t\t\t<style>\/*! elementor - v3.14.0 - 26-06-2023 *\/\n.elementor-heading-title{padding:0;margin:0;line-height:1}.elementor-widget-heading .elementor-heading-title[class*=elementor-size-]>a{color:inherit;font-size:inherit;line-height:inherit}.elementor-widget-heading .elementor-heading-title.elementor-size-small{font-size:15px}.elementor-widget-heading .elementor-heading-title.elementor-size-medium{font-size:19px}.elementor-widget-heading .elementor-heading-title.elementor-size-large{font-size:29px}.elementor-widget-heading .elementor-heading-title.elementor-size-xl{font-size:39px}.elementor-widget-heading .elementor-heading-title.elementor-size-xxl{font-size:59px}<\/style><h2 class=\"elementor-heading-title elementor-size-default\">Traitements capillaires<\/h2>\t\t<\/div>\n\t\t\t\t<\/div>\n\t\t\t\t\t<\/div>\n\t\t<\/div>\n\t\t\t\t\t\t\t<\/div>\n\t\t<\/section>\n\t\t\t\t<section class=\"elementor-section elementor-top-section elementor-element elementor-element-79a06ea3 elementor-reverse-mobile elementor-section-boxed elementor-section-height-default elementor-section-height-default\" data-id=\"79a06ea3\" data-element_type=\"section\" data-settings=\"{&quot;_ha_eqh_enable&quot;:false,&quot;ekit_has_onepagescroll_dot&quot;:&quot;yes&quot;}\">\n\t\t\t\t\t\t<div class=\"elementor-container elementor-column-gap-default\">\n\t\t\t\t\t<div class=\"elementor-column elementor-col-50 elementor-top-column elementor-element elementor-element-3b7bbc78\" data-id=\"3b7bbc78\" data-element_type=\"column\">\n\t\t\t<div class=\"elementor-widget-wrap elementor-element-populated\">\n\t\t\t\t\t\t\t\t<div class=\"elementor-element elementor-element-62247299 elementor-widget elementor-widget-heading\" data-id=\"62247299\" data-element_type=\"widget\" data-settings=\"{&quot;ekit_we_effect_on&quot;:&quot;none&quot;}\" data-widget_type=\"heading.default\">\n\t\t\t\t<div class=\"elementor-widget-container\">\n\t\t\t<h2 class=\"elementor-heading-title elementor-size-default\">TRAITEMENTS CAPILLAIRES <\/h2>\t\t<\/div>\n\t\t\t\t<\/div>\n\t\t\t\t<div class=\"elementor-element elementor-element-7853f553 elementor-widget elementor-widget-heading\" data-id=\"7853f553\" data-element_type=\"widget\" data-settings=\"{&quot;ekit_we_effect_on&quot;:&quot;none&quot;}\" data-widget_type=\"heading.default\">\n\t\t\t\t<div class=\"elementor-widget-container\">\n\t\t\t<h2 class=\"elementor-heading-title elementor-size-default\">Souffrir de perte de cheveux peut avoir un grand impact sur l'estime de soi, c'est pourquoi nous proposons des traitements innovants contre la perte de cheveux qui aident \u00e0 am\u00e9liorer l'apparence des cheveux clairsem\u00e9s et revitalisent le cuir chevelu pour encourager la croissance.\nLe traitement Hair Filler est un traitement d'am\u00e9lioration capillaire agissant en revitalisant les cellules de la peau et du cuir chevelu, favorisant la circulation sanguine \u00e0 la surface de la t\u00eate et am\u00e9liorant la circulation sanguine. Il revitalise \u00e9galement les follicules pileux, stimule la croissance des cheveux, favorise la croissance folliculaire et pr\u00e9vient la perte de cheveux.\nLe traitement PRP (plasma riche en plaquettes) pour les cheveux utilise des injections faites \u00e0 partir de votre propre sang pour favoriser la croissance des cheveux et am\u00e9liorer leur qualit\u00e9. Notre sang contient des facteurs de croissance essentiels et, lorsqu'il est inject\u00e9 directement dans le cuir chevelu, les tissus endommag\u00e9s gu\u00e9rissent et de nouveaux follicules poussent. Cette approche r\u00e9volutionnaire est efficace \u00e0 100 % dans toutes les situations de perte de cheveux.\nCes deux traitements capillaires sont tr\u00e8s efficaces et peuvent faire exactement ce \u00e0 quoi vous vous attendez : donner du volume aux cheveux fins et plats, offrant \u00e0 vos m\u00e8ches un volume visible, de la brillance et une r\u00e9duction de la chute des cheveux. \n<\/h2>\t\t<\/div>\n\t\t\t\t<\/div>\n\t\t\t\t\t<\/div>\n\t\t<\/div>\n\t\t\t\t<div class=\"elementor-column elementor-col-50 elementor-top-column elementor-element elementor-element-1c46b0c3\" data-id=\"1c46b0c3\" data-element_type=\"column\">\n\t\t\t<div class=\"elementor-widget-wrap elementor-element-populated\">\n\t\t\t\t\t\t\t\t<div class=\"elementor-element elementor-element-1243d36f elementor-invisible elementor-widget elementor-widget-image\" data-id=\"1243d36f\" data-element_type=\"widget\" data-settings=\"{&quot;_animation&quot;:&quot;fadeInRight&quot;,&quot;ekit_we_effect_on&quot;:&quot;none&quot;}\" data-widget_type=\"image.default\">\n\t\t\t\t<div class=\"elementor-widget-container\">\n\t\t\t<style>\/*! elementor - v3.14.0 - 26-06-2023 *\/\n.elementor-widget-image{text-align:center}.elementor-widget-image a{display:inline-block}.elementor-widget-image a img[src$=\".svg\"]{width:48px}.elementor-widget-image img{vertical-align:middle;display:inline-block}<\/style>\t\t\t\t\t\t\t\t\t\t\t\t<img loading=\"lazy\" decoding=\"async\" width=\"1024\" height=\"683\" src=\"https:\/\/madeinparisclinic.com\/wp-content\/uploads\/2023\/07\/doctor-cosmetologist-making-mesotherapy-injections-woman-s-head-stronger-healthier-hair-1024x683.jpg\" class=\"attachment-large size-large wp-image-2781\" alt=\"\" srcset=\"https:\/\/madeinparisclinic.com\/wp-content\/uploads\/2023\/07\/doctor-cosmetologist-making-mesotherapy-injections-woman-s-head-stronger-healthier-hair-1024x683.jpg 1024w, https:\/\/madeinparisclinic.com\/wp-content\/uploads\/2023\/07\/doctor-cosmetologist-making-mesotherapy-injections-woman-s-head-stronger-healthier-hair-300x200.jpg 300w, https:\/\/madeinparisclinic.com\/wp-content\/uploads\/2023\/07\/doctor-cosmetologist-making-mesotherapy-injections-woman-s-head-stronger-healthier-hair-768x512.jpg 768w, https:\/\/madeinparisclinic.com\/wp-content\/uploads\/2023\/07\/doctor-cosmetologist-making-mesotherapy-injections-woman-s-head-stronger-healthier-hair.jpg 1500w\" sizes=\"(max-width: 1024px) 100vw, 1024px\" \/>\t\t\t\t\t\t\t\t\t\t\t\t\t\t\t<\/div>\n\t\t\t\t<\/div>\n\t\t\t\t\t<\/div>\n\t\t<\/div>\n\t\t\t\t\t\t\t<\/div>\n\t\t<\/section>\n\t\t\t\t\t\t\t<\/div>\n\t\t","protected":false},"excerpt":{"rendered":"<p>TRAITEMENTS CAPILLAIRES Souffrir de perte de cheveux peut avoir un grand impact sur l&#8217;estime de soi, c&#8217;est pourquoi nous proposons des traitements innovants contre la perte de cheveux qui aident \u00e0 am\u00e9liorer l&#8217;apparence des cheveux clairsem\u00e9s et revitalisent le cuir chevelu pour encourager la croissance. Le traitement Hair Filler est un traitement d&#8217;am\u00e9lioration capillaire agissant &hellip;<\/p>\n<p class=\"read-more\"> <a class=\"\" href=\"https:\/\/madeinparisclinic.com\/fr\/notre-service\/traitements-capillaires\/\"> <span class=\"screen-reader-text\">Traitements capillaires<\/span> Lire la suite\u00a0\u00bb<\/a><\/p>\n","protected":false},"author":1,"featured_media":0,"parent":2855,"menu_order":0,"comment_status":"closed","ping_status":"closed","template":"","meta":{"site-sidebar-layout":"no-sidebar","site-content-layout":"page-builder","ast-global-header-display":"","ast-banner-title-visibility":"","ast-main-header-display":"","ast-hfb-above-header-display":"","ast-hfb-below-header-display":"","ast-hfb-mobile-header-display":"","site-post-title":"disabled","ast-breadcrumbs-content":"","ast-featured-img":"disabled","footer-sml-layout":"","theme-transparent-header-meta":"","adv-header-id-meta":"","stick-header-meta":"","header-above-stick-meta":"","header-main-stick-meta":"","header-below-stick-meta":"","footnotes":""},"_links":{"self":[{"href":"https:\/\/madeinparisclinic.com\/fr\/wp-json\/wp\/v2\/pages\/2877"}],"collection":[{"href":"https:\/\/madeinparisclinic.com\/fr\/wp-json\/wp\/v2\/pages"}],"about":[{"href":"https:\/\/madeinparisclinic.com\/fr\/wp-json\/wp\/v2\/types\/page"}],"author":[{"embeddable":true,"href":"https:\/\/madeinparisclinic.com\/fr\/wp-json\/wp\/v2\/users\/1"}],"replies":[{"embeddable":true,"href":"https:\/\/madeinparisclinic.com\/fr\/wp-json\/wp\/v2\/comments?post=2877"}],"version-history":[{"count":12,"href":"https:\/\/madeinparisclinic.com\/fr\/wp-json\/wp\/v2\/pages\/2877\/revisions"}],"predecessor-version":[{"id":3056,"href":"https:\/\/madeinparisclinic.com\/fr\/wp-json\/wp\/v2\/pages\/2877\/revisions\/3056"}],"up":[{"embeddable":true,"href":"https:\/\/madeinparisclinic.com\/fr\/wp-json\/wp\/v2\/pages\/2855"}],"wp:attachment":[{"href":"https:\/\/madeinparisclinic.com\/fr\/wp-json\/wp\/v2\/media?parent=2877"}],"curies":[{"name":"wp","href":"https:\/\/api.w.org\/{rel}","templated":true}]}}