{"id":2867,"date":"2023-07-09T09:14:19","date_gmt":"2023-07-09T09:14:19","guid":{"rendered":"http:\/\/madeinparisclinic.com\/notre-service\/peeling-chimique\/"},"modified":"2023-08-25T12:13:08","modified_gmt":"2023-08-25T12:13:08","slug":"peeling-chimique","status":"publish","type":"page","link":"https:\/\/madeinparisclinic.com\/fr\/notre-service\/peeling-chimique\/","title":{"rendered":"Peeling chimique"},"content":{"rendered":"\t\t<div data-elementor-type=\"wp-page\" data-elementor-id=\"2867\" class=\"elementor elementor-2867 elementor-616\" data-elementor-post-type=\"page\">\n\t\t\t\t\t\t\t\t\t<section class=\"elementor-section elementor-top-section elementor-element elementor-element-5b4ed44 elementor-section-full_width elementor-section-height-default elementor-section-height-default\" data-id=\"5b4ed44\" data-element_type=\"section\" data-settings=\"{&quot;background_background&quot;:&quot;classic&quot;,&quot;_ha_eqh_enable&quot;:false,&quot;ekit_has_onepagescroll_dot&quot;:&quot;yes&quot;}\">\n\t\t\t\t\t\t\t<div class=\"elementor-background-overlay\"><\/div>\n\t\t\t\t\t\t\t<div class=\"elementor-container elementor-column-gap-default\">\n\t\t\t\t\t<div class=\"elementor-column elementor-col-100 elementor-top-column elementor-element elementor-element-f4cdfc1\" data-id=\"f4cdfc1\" data-element_type=\"column\">\n\t\t\t<div class=\"elementor-widget-wrap elementor-element-populated\">\n\t\t\t\t\t\t\t\t<div class=\"elementor-element elementor-element-2513f71 elementor-widget elementor-widget-heading\" data-id=\"2513f71\" data-element_type=\"widget\" data-settings=\"{&quot;ekit_we_effect_on&quot;:&quot;none&quot;}\" data-widget_type=\"heading.default\">\n\t\t\t\t<div class=\"elementor-widget-container\">\n\t\t\t<style>\/*! elementor - v3.14.0 - 26-06-2023 *\/\n.elementor-heading-title{padding:0;margin:0;line-height:1}.elementor-widget-heading .elementor-heading-title[class*=elementor-size-]>a{color:inherit;font-size:inherit;line-height:inherit}.elementor-widget-heading .elementor-heading-title.elementor-size-small{font-size:15px}.elementor-widget-heading .elementor-heading-title.elementor-size-medium{font-size:19px}.elementor-widget-heading .elementor-heading-title.elementor-size-large{font-size:29px}.elementor-widget-heading .elementor-heading-title.elementor-size-xl{font-size:39px}.elementor-widget-heading .elementor-heading-title.elementor-size-xxl{font-size:59px}<\/style><h2 class=\"elementor-heading-title elementor-size-default\">Peeling chimique<\/h2>\t\t<\/div>\n\t\t\t\t<\/div>\n\t\t\t\t\t<\/div>\n\t\t<\/div>\n\t\t\t\t\t\t\t<\/div>\n\t\t<\/section>\n\t\t\t\t<section class=\"elementor-section elementor-top-section elementor-element elementor-element-5441be79 elementor-section-boxed elementor-section-height-default elementor-section-height-default\" data-id=\"5441be79\" data-element_type=\"section\" data-settings=\"{&quot;_ha_eqh_enable&quot;:false,&quot;ekit_has_onepagescroll_dot&quot;:&quot;yes&quot;}\">\n\t\t\t\t\t\t<div class=\"elementor-container elementor-column-gap-default\">\n\t\t\t\t\t<div class=\"elementor-column elementor-col-100 elementor-top-column elementor-element elementor-element-48744dd0\" data-id=\"48744dd0\" data-element_type=\"column\">\n\t\t\t<div class=\"elementor-widget-wrap elementor-element-populated\">\n\t\t\t\t\t\t\t\t<div class=\"elementor-element elementor-element-2b00d66f elementor-widget elementor-widget-heading\" data-id=\"2b00d66f\" data-element_type=\"widget\" data-settings=\"{&quot;ekit_we_effect_on&quot;:&quot;none&quot;}\" data-widget_type=\"heading.default\">\n\t\t\t\t<div class=\"elementor-widget-container\">\n\t\t\t<h2 class=\"elementor-heading-title elementor-size-default\">Qu'est-ce qu'un Peeling Chimique ?<\/h2>\t\t<\/div>\n\t\t\t\t<\/div>\n\t\t\t\t<div class=\"elementor-element elementor-element-5eff7fff elementor-widget elementor-widget-heading\" data-id=\"5eff7fff\" data-element_type=\"widget\" data-settings=\"{&quot;ekit_we_effect_on&quot;:&quot;none&quot;}\" data-widget_type=\"heading.default\">\n\t\t\t\t<div class=\"elementor-widget-container\">\n\t\t\t<h2 class=\"elementor-heading-title elementor-size-default\">Un peeling chimique est une proc\u00e9dure au cours de laquelle une solution chimique est appliqu\u00e9e sur la peau pour enlever les couches sup\u00e9rieures. La peau qui repousse est plus lisse. Avec un peeling l\u00e9ger ou moyen, il se peut que vous ayez besoin de subir la proc\u00e9dure plusieurs fois pour obtenir les r\u00e9sultats souhait\u00e9s. Les peelings chimiques sont utilis\u00e9s pour traiter les rides, la peau d\u00e9color\u00e9e et les cicatrices, g\u00e9n\u00e9ralement sur le visage. Ils peuvent \u00eatre r\u00e9alis\u00e9s seuls ou combin\u00e9s avec d'autres proc\u00e9dures cosm\u00e9tiques. <\/h2>\t\t<\/div>\n\t\t\t\t<\/div>\n\t\t\t\t\t<\/div>\n\t\t<\/div>\n\t\t\t\t\t\t\t<\/div>\n\t\t<\/section>\n\t\t\t\t<section class=\"elementor-section elementor-top-section elementor-element elementor-element-2827b1c5 elementor-reverse-mobile elementor-section-boxed elementor-section-height-default elementor-section-height-default\" data-id=\"2827b1c5\" data-element_type=\"section\" data-settings=\"{&quot;_ha_eqh_enable&quot;:false,&quot;ekit_has_onepagescroll_dot&quot;:&quot;yes&quot;}\">\n\t\t\t\t\t\t<div class=\"elementor-container elementor-column-gap-default\">\n\t\t\t\t\t<div class=\"elementor-column elementor-col-50 elementor-top-column elementor-element elementor-element-58641d70\" data-id=\"58641d70\" data-element_type=\"column\">\n\t\t\t<div class=\"elementor-widget-wrap elementor-element-populated\">\n\t\t\t\t\t\t\t\t<div class=\"elementor-element elementor-element-467a2594 elementor-widget elementor-widget-heading\" data-id=\"467a2594\" data-element_type=\"widget\" data-settings=\"{&quot;ekit_we_effect_on&quot;:&quot;none&quot;}\" data-widget_type=\"heading.default\">\n\t\t\t\t<div class=\"elementor-widget-container\">\n\t\t\t<h2 class=\"elementor-heading-title elementor-size-default\">Peeling Chimique apr\u00e8s -soin :<\/h2>\t\t<\/div>\n\t\t\t\t<\/div>\n\t\t\t\t<div class=\"elementor-element elementor-element-fb030fb elementor-widget elementor-widget-heading\" data-id=\"fb030fb\" data-element_type=\"widget\" data-settings=\"{&quot;ekit_we_effect_on&quot;:&quot;none&quot;}\" data-widget_type=\"heading.default\">\n\t\t\t\t<div class=\"elementor-widget-container\">\n\t\t\t<h2 class=\"elementor-heading-title elementor-size-default\">Apr\u00e8s un peeling chimique, la nouvelle peau saine est sensible au soleil, il est donc important de la prot\u00e9ger correctement. \nIl est important de suivre le protocole de pr\u00e9 et post-traitement pour obtenir les meilleurs r\u00e9sultats. Le patient re\u00e7oit un kit de soins \u00e0 domicile avec des instructions d\u00e9taill\u00e9es.\n<\/h2>\t\t<\/div>\n\t\t\t\t<\/div>\n\t\t\t\t\t<\/div>\n\t\t<\/div>\n\t\t\t\t<div class=\"elementor-column elementor-col-50 elementor-top-column elementor-element elementor-element-3ae2f3fc\" data-id=\"3ae2f3fc\" data-element_type=\"column\">\n\t\t\t<div class=\"elementor-widget-wrap elementor-element-populated\">\n\t\t\t\t\t\t\t\t<div class=\"elementor-element elementor-element-3f20bcf elementor-invisible elementor-widget elementor-widget-image\" data-id=\"3f20bcf\" data-element_type=\"widget\" data-settings=\"{&quot;_animation&quot;:&quot;fadeInRight&quot;,&quot;ekit_we_effect_on&quot;:&quot;none&quot;}\" data-widget_type=\"image.default\">\n\t\t\t\t<div class=\"elementor-widget-container\">\n\t\t\t<style>\/*! elementor - v3.14.0 - 26-06-2023 *\/\n.elementor-widget-image{text-align:center}.elementor-widget-image a{display:inline-block}.elementor-widget-image a img[src$=\".svg\"]{width:48px}.elementor-widget-image img{vertical-align:middle;display:inline-block}<\/style>\t\t\t\t\t\t\t\t\t\t\t\t<img loading=\"lazy\" decoding=\"async\" width=\"1024\" height=\"683\" src=\"https:\/\/madeinparisclinic.com\/wp-content\/uploads\/2023\/07\/beautiful-woman-doing-procedure-face-beautician-1024x683.jpg\" class=\"attachment-large size-large wp-image-2784\" alt=\"\" srcset=\"https:\/\/madeinparisclinic.com\/wp-content\/uploads\/2023\/07\/beautiful-woman-doing-procedure-face-beautician-1024x683.jpg 1024w, https:\/\/madeinparisclinic.com\/wp-content\/uploads\/2023\/07\/beautiful-woman-doing-procedure-face-beautician-300x200.jpg 300w, https:\/\/madeinparisclinic.com\/wp-content\/uploads\/2023\/07\/beautiful-woman-doing-procedure-face-beautician-768x512.jpg 768w, https:\/\/madeinparisclinic.com\/wp-content\/uploads\/2023\/07\/beautiful-woman-doing-procedure-face-beautician.jpg 1500w\" sizes=\"(max-width: 1024px) 100vw, 1024px\" \/>\t\t\t\t\t\t\t\t\t\t\t\t\t\t\t<\/div>\n\t\t\t\t<\/div>\n\t\t\t\t\t<\/div>\n\t\t<\/div>\n\t\t\t\t\t\t\t<\/div>\n\t\t<\/section>\n\t\t\t\t\t\t\t<\/div>\n\t\t","protected":false},"excerpt":{"rendered":"<p>Qu&#8217;est-ce qu&#8217;un Peeling Chimique ? Un peeling chimique est une proc\u00e9dure au cours de laquelle une solution chimique est appliqu\u00e9e sur la peau pour enlever les couches sup\u00e9rieures. La peau qui repousse est plus lisse. Avec un peeling l\u00e9ger ou moyen, il se peut que vous ayez besoin de subir la proc\u00e9dure plusieurs fois pour &hellip;<\/p>\n<p class=\"read-more\"> <a class=\"\" href=\"https:\/\/madeinparisclinic.com\/fr\/notre-service\/peeling-chimique\/\"> <span class=\"screen-reader-text\">Peeling chimique<\/span> Lire la suite\u00a0\u00bb<\/a><\/p>\n","protected":false},"author":1,"featured_media":0,"parent":2855,"menu_order":0,"comment_status":"closed","ping_status":"closed","template":"","meta":{"site-sidebar-layout":"no-sidebar","site-content-layout":"page-builder","ast-global-header-display":"","ast-banner-title-visibility":"","ast-main-header-display":"","ast-hfb-above-header-display":"","ast-hfb-below-header-display":"","ast-hfb-mobile-header-display":"","site-post-title":"disabled","ast-breadcrumbs-content":"","ast-featured-img":"disabled","footer-sml-layout":"","theme-transparent-header-meta":"","adv-header-id-meta":"","stick-header-meta":"","header-above-stick-meta":"","header-main-stick-meta":"","header-below-stick-meta":"","footnotes":""},"_links":{"self":[{"href":"https:\/\/madeinparisclinic.com\/fr\/wp-json\/wp\/v2\/pages\/2867"}],"collection":[{"href":"https:\/\/madeinparisclinic.com\/fr\/wp-json\/wp\/v2\/pages"}],"about":[{"href":"https:\/\/madeinparisclinic.com\/fr\/wp-json\/wp\/v2\/types\/page"}],"author":[{"embeddable":true,"href":"https:\/\/madeinparisclinic.com\/fr\/wp-json\/wp\/v2\/users\/1"}],"replies":[{"embeddable":true,"href":"https:\/\/madeinparisclinic.com\/fr\/wp-json\/wp\/v2\/comments?post=2867"}],"version-history":[{"count":9,"href":"https:\/\/madeinparisclinic.com\/fr\/wp-json\/wp\/v2\/pages\/2867\/revisions"}],"predecessor-version":[{"id":3060,"href":"https:\/\/madeinparisclinic.com\/fr\/wp-json\/wp\/v2\/pages\/2867\/revisions\/3060"}],"up":[{"embeddable":true,"href":"https:\/\/madeinparisclinic.com\/fr\/wp-json\/wp\/v2\/pages\/2855"}],"wp:attachment":[{"href":"https:\/\/madeinparisclinic.com\/fr\/wp-json\/wp\/v2\/media?parent=2867"}],"curies":[{"name":"wp","href":"https:\/\/api.w.org\/{rel}","templated":true}]}}