{"id":2838,"date":"2023-07-07T07:58:21","date_gmt":"2023-07-07T07:58:21","guid":{"rendered":"http:\/\/madeinparisclinic.com\/formulaire-de-rendez-vous\/"},"modified":"2023-08-14T16:12:41","modified_gmt":"2023-08-14T16:12:41","slug":"formulaire-de-rendez-vous","status":"publish","type":"page","link":"https:\/\/madeinparisclinic.com\/fr\/formulaire-de-rendez-vous\/","title":{"rendered":"Formulaire de rendez-vous"},"content":{"rendered":"\t\t<div data-elementor-type=\"wp-page\" data-elementor-id=\"2838\" class=\"elementor elementor-2838 elementor-21\" data-elementor-post-type=\"page\">\n\t\t\t\t\t\t\t\t\t<section class=\"elementor-section elementor-top-section elementor-element elementor-element-86a3a38 elementor-section-boxed elementor-section-height-default elementor-section-height-default\" data-id=\"86a3a38\" data-element_type=\"section\" data-settings=\"{&quot;_ha_eqh_enable&quot;:false,&quot;ekit_has_onepagescroll_dot&quot;:&quot;yes&quot;}\">\n\t\t\t\t\t\t<div class=\"elementor-container elementor-column-gap-default\">\n\t\t\t\t\t<div class=\"elementor-column elementor-col-100 elementor-top-column elementor-element elementor-element-83b3481\" data-id=\"83b3481\" data-element_type=\"column\">\n\t\t\t<div class=\"elementor-widget-wrap elementor-element-populated\">\n\t\t\t\t\t\t\t\t<div class=\"elementor-element elementor-element-505df47 elementor-widget elementor-widget-heading\" data-id=\"505df47\" data-element_type=\"widget\" data-settings=\"{&quot;ekit_we_effect_on&quot;:&quot;none&quot;}\" data-widget_type=\"heading.default\">\n\t\t\t\t<div class=\"elementor-widget-container\">\n\t\t\t<style>\/*! elementor - v3.14.0 - 26-06-2023 *\/\n.elementor-heading-title{padding:0;margin:0;line-height:1}.elementor-widget-heading .elementor-heading-title[class*=elementor-size-]>a{color:inherit;font-size:inherit;line-height:inherit}.elementor-widget-heading .elementor-heading-title.elementor-size-small{font-size:15px}.elementor-widget-heading .elementor-heading-title.elementor-size-medium{font-size:19px}.elementor-widget-heading .elementor-heading-title.elementor-size-large{font-size:29px}.elementor-widget-heading .elementor-heading-title.elementor-size-xl{font-size:39px}.elementor-widget-heading .elementor-heading-title.elementor-size-xxl{font-size:59px}<\/style><h2 class=\"elementor-heading-title elementor-size-default\">Nomination<\/h2>\t\t<\/div>\n\t\t\t\t<\/div>\n\t\t\t\t<div class=\"elementor-element elementor-element-1d0dd4c elementor-widget__width-initial elementor-widget elementor-widget-heading\" data-id=\"1d0dd4c\" data-element_type=\"widget\" data-settings=\"{&quot;ekit_we_effect_on&quot;:&quot;none&quot;}\" data-widget_type=\"heading.default\">\n\t\t\t\t<div class=\"elementor-widget-container\">\n\t\t\t<h3 class=\"elementor-heading-title elementor-size-large\">Un acompte peut \u00eatre demand\u00e9 pour garantir votre rendez-vous. Notre \u00e9quipe de conseillers client\u00e8le prendra contact avec vous pour recueillir un acompte de 50 livres sterling ou 50 euros. Le solde du paiement sera pr\u00e9lev\u00e9 apr\u00e8s le rendez-vous. Veuillez noter que notre politique d'annulation exige un pr\u00e9avis de *7 jours* et que les rendez-vous non honor\u00e9s perdront leur acompte, conform\u00e9ment \u00e0 nos conditions de r\u00e9servation. L'\u00e2ge minimum pour les traitements est de 18 ans.<\/h3>\t\t<\/div>\n\t\t\t\t<\/div>\n\t\t\t\t<div class=\"elementor-element elementor-element-f350afa elementor-widget elementor-widget-shortcode\" data-id=\"f350afa\" data-element_type=\"widget\" data-settings=\"{&quot;ekit_we_effect_on&quot;:&quot;none&quot;}\" data-widget_type=\"shortcode.default\">\n\t\t\t\t<div class=\"elementor-widget-container\">\n\t\t\t\t\t<div class=\"elementor-shortcode\">\n<div id=\"booknetic_progress\" class=\"booknetic_progress_waiting booknetic_progress_done\"><dt><\/dt><dd><\/dd><\/div>\n\n<div class=\"booknetic_appointment\" id=\"booknetic_theme_1\">\n\t<div class=\"booknetic_appointment_steps has-logo\">\n\t\t\t\t<div class=\"booknetic_company_logo\">\n\t\t\t<img decoding=\"async\" src=\"https:\/\/madeinparisclinic.com\/wp-content\/uploads\/booknetic\/settings\/3f15633a8e206c2680cd45304c81ed6a.png\">\n\t\t<\/div>\n\t\t\t\t<div class=\"booknetic_appointment_steps_body\">\n\t\t\t                <div class=\"need_copy  booknetic_appointment_step_element\"  data-step-id=\"location\" data-loader=\"card1\" data-title=\"S\u00e9lectionnez un lieu\" >\n                    <span class=\"booknetic_badge\"><\/span>\n                    <span class=\"booknetic_step_title\"> Lieu<\/span>\n                <\/div>\n                                <div class=\"need_copy  booknetic_appointment_step_element\"  data-step-id=\"service\" data-loader=\"card2\" data-title=\"S\u00e9lectionner un service\"  data-service-category=\"\">\n                    <span class=\"booknetic_badge\"><\/span>\n                    <span class=\"booknetic_step_title\"> Service<\/span>\n                <\/div>\n                                <div class=\"need_copy  booknetic_appointment_step_element\"  data-step-id=\"service_extras\" data-loader=\"card2\" data-title=\"S\u00e9lectionnez les services suppl\u00e9mentaires\" >\n                    <span class=\"booknetic_badge\"><\/span>\n                    <span class=\"booknetic_step_title\"> Service Extras<\/span>\n                <\/div>\n                                <div class=\"need_copy  booknetic_appointment_step_element booknetic_menu_hidden\"  data-value=\"-1\" data-step-id=\"staff\" data-loader=\"card1\" data-title=\"S\u00e9lectionner le personnel\" >\n                    <span class=\"booknetic_badge\"><\/span>\n                    <span class=\"booknetic_step_title\"> Personnel<\/span>\n                <\/div>\n                                <div class=\"need_copy  booknetic_appointment_step_element\"  data-step-id=\"date_time\" data-loader=\"card3\" data-title=\"Choisissez la date et le cr\u00e9neau\" >\n                    <span class=\"booknetic_badge\"><\/span>\n                    <span class=\"booknetic_step_title\"> Date &amp; Heure<\/span>\n                <\/div>\n                                <div class=\"need_copy  booknetic_appointment_step_element booknetic_menu_hidden\"  data-step-id=\"recurring_info\" data-loader=\"card3\" data-title=\"Informations r\u00e9currentes\" >\n                    <span class=\"booknetic_badge\"><\/span>\n                    <span class=\"booknetic_step_title\"> Informations r\u00e9currentes<\/span>\n                <\/div>\n                                <div class=\"need_copy  booknetic_appointment_step_element\"  data-step-id=\"information\" data-loader=\"card3\" data-title=\"Remplissez les informations\" >\n                    <span class=\"booknetic_badge\"><\/span>\n                    <span class=\"booknetic_step_title\"> Information<\/span>\n                <\/div>\n                                <div class=\" booknetic_appointment_step_element\"  data-step-id=\"cart\" data-loader=\"card3\" data-title=\"Add to cart\" >\n                    <span class=\"booknetic_badge\"><\/span>\n                    <span class=\"booknetic_step_title\"> Cart<\/span>\n                <\/div>\n                                <div class=\" booknetic_appointment_step_element booknetic_menu_hidden\"  data-step-id=\"confirm_details\" data-loader=\"card3\" data-title=\"Confirmer les d\u00e9tails\" >\n                    <span class=\"booknetic_badge\"><\/span>\n                    <span class=\"booknetic_step_title\"> Confirmation<\/span>\n                <\/div>\n                        <\/div>\n        <div class=\"booknetic_appointment_steps_footer\">\n            <div class=\"booknetic_appointment_steps_footer_txt1\">Vous avez des questions?<\/div>\n            <div class=\"booknetic_appointment_steps_footer_txt2\">+447719443115<\/div>\n        <\/div>\n    <\/div>\n    <div class=\"booknetic_appointment_container\">\n\n        <div class=\"booknetic_appointment_container_header\">\n            <div class=\"booknetic_appointment_container_header_text\"><\/div>\n                        <div class=\"booknetic_appointment_container_header_cart booknetic_hidden\">\n                <div class=\"booknetic-appointment-container-cart-btn \">\n                    <img decoding=\"async\" src=\"https:\/\/madeinparisclinic.com\/wp-content\/plugins\/booknetic\/app\/Frontend\/assets\/icons\/cart.svg\" alt=\"\">\n                    <span>0<\/span>\n                <\/div>\n            <\/div>\n                    <\/div>\n        <div class=\"booknetic_appointment_container_body\">\n\n            <div class=\"booknetic_preloader_card1_box booknetic_hidden\">\n\n                <div class=\"booknetic_preloader_card1\">\n                    <div class=\"booknetic_preloader_card1_image\"><\/div>\n                    <div class=\"booknetic_preloader_card1_description\"><\/div>\n                <\/div>\n\n                <div class=\"booknetic_preloader_card1\">\n                    <div class=\"booknetic_preloader_card1_image\"><\/div>\n                    <div class=\"booknetic_preloader_card1_description\"><\/div>\n                <\/div>\n\n                <div class=\"booknetic_preloader_card1\">\n                    <div class=\"booknetic_preloader_card1_image\"><\/div>\n                    <div class=\"booknetic_preloader_card1_description\"><\/div>\n                <\/div>\n\n            <\/div>\n\n            <div class=\"booknetic_preloader_card2_box booknetic_hidden\">\n                <div class=\"booknetic_preloader_card2\">\n                    <div class=\"booknetic_preloader_card2_image\"><\/div>\n                    <div class=\"booknetic_preloader_card2_description\"><\/div>\n                <\/div>\n\n                <div class=\"booknetic_preloader_card2\">\n                    <div class=\"booknetic_preloader_card2_image\"><\/div>\n                    <div class=\"booknetic_preloader_card2_description\"><\/div>\n                <\/div>\n\n                <div class=\"booknetic_preloader_card2\">\n                    <div class=\"booknetic_preloader_card2_image\"><\/div>\n                    <div class=\"booknetic_preloader_card2_description\"><\/div>\n                <\/div>\n            <\/div>\n\n            <div class=\"booknetic_preloader_card3_box booknetic_hidden\">\n                <div class=\"booknetic_preloader_card3\"><\/div>\n                <div class=\"booknetic_preloader_card3\"><\/div>\n                <div class=\"booknetic_preloader_card3\"><\/div>\n                <div class=\"booknetic_preloader_card3\"><\/div>\n            <\/div>\n\n            <div class=\"booknetic_need_copy\" >\n                <div data-step-id=\"location\" class=\"booknetic_hidden\"><\/div>\n                <div data-step-id=\"staff\" class=\"booknetic_hidden\"><\/div>\n                <div data-step-id=\"service\" class=\"booknetic_hidden\"><\/div>\n                <div data-step-id=\"service_extras\" class=\"booknetic_hidden\"><\/div>\n                <div data-step-id=\"date_time\" class=\"booknetic_hidden\"><\/div>\n                <div data-step-id=\"recurring_info\" class=\"booknetic_hidden\"><\/div>\n                <div data-step-id=\"information\" class=\"booknetic_hidden\"><\/div>\n            <\/div>\n            <div data-step-id=\"cart\" class=\"booknetic_hidden\"><\/div>\n            <div data-step-id=\"confirm_details\" class=\"booknetic_hidden\"><\/div>\n\n            <div class=\"booknetic_appointment_finished_with_error booknetic_hidden\">\n                <img decoding=\"async\" src=\"https:\/\/madeinparisclinic.com\/wp-content\/plugins\/booknetic\/app\/Frontend\/assets\/images\/payment-error.svg\">\n                <div>Nous ne sommes pas en mesure de traiter votre paiement. Veuillez r\u00e9essayer.<\/div>\n            <\/div>\n\n        <\/div>\n        <div class=\"booknetic_appointment_container_footer\">\n            <button type=\"button\" class=\"booknetic_btn_secondary booknetic_prev_step\">RETOUR<\/button>\n            <div class=\"booknetic_warning_message\"><\/div>\n            <button type=\"button\" class=\"booknetic_btn_primary booknetic_next_step booknetic_next_step_btn\">PROCHAINE \u00c9TAPE<\/button>\n            <button type=\"button\" class=\"booknetic_btn_primary booknetic_next_step booknetic_confirm_booking_btn\">CONFIRMER LA R\u00c9SERVATION<\/button>\n            <button type=\"button\" class=\"booknetic_btn_primary booknetic_hidden booknetic_try_again_btn\">R\u00c9ESSAYER<\/button>\n        <\/div>\n    <\/div>\n    <div class=\"booknetic_appointment_finished\">\n        <div class=\"booknetic_appointment_finished_icon\"><img decoding=\"async\" src=\"https:\/\/madeinparisclinic.com\/wp-content\/plugins\/booknetic\/app\/Frontend\/assets\/icons\/status-ok.svg\"><\/div>\n        <div class=\"booknetic_appointment_finished_title\">Merci pour votre requ\u00eate!<\/div>\n        <div class=\"booknetic_appointment_finished_subtitle\">Votre num\u00e9ro de confirmation:<\/div>\n        <div class=\"booknetic_appointment_finished_code\"><\/div>\n        <div class=\"booknetic_appointment_finished_actions\">\n            <button type=\"button\" id=\"booknetic_add_to_google_calendar_btn\" class=\"booknetic_btn_secondary\"><img decoding=\"async\" src=\"https:\/\/madeinparisclinic.com\/wp-content\/plugins\/booknetic\/app\/Frontend\/assets\/icons\/calendar.svg\"> AJOUTER AU CALENDRIER GOOGLE<\/button>\n            <a id=\"booknetic_add_to_icalendar_btn\" download=\"event.ics\" class=\"booknetic_btn_secondary\"><img decoding=\"async\" src=\"https:\/\/madeinparisclinic.com\/wp-content\/plugins\/booknetic\/app\/Frontend\/assets\/icons\/calendar.svg\"> ADD TO iCAL CALENDAR<\/a>\n            <button type=\"button\" id=\"booknetic_start_new_booking_btn\" class=\"booknetic_btn_secondary\"><img decoding=\"async\" src=\"https:\/\/madeinparisclinic.com\/wp-content\/plugins\/booknetic\/app\/Frontend\/assets\/icons\/plus.svg\"> DEBUTER UN NOUVEAU RDV<\/button>\n            <button type=\"button\" id=\"booknetic_finish_btn\" class=\"booknetic_btn_secondary\" data-redirect-url=\"\"><img decoding=\"async\" src=\"https:\/\/madeinparisclinic.com\/wp-content\/plugins\/booknetic\/app\/Frontend\/assets\/icons\/check-small.svg\"> TERMINER LA RESERVATION<\/button>\n        <\/div>\n    <\/div>\n    <\/div>\n\n<\/div>\n\t\t\t\t<\/div>\n\t\t\t\t<\/div>\n\t\t\t\t\t<\/div>\n\t\t<\/div>\n\t\t\t\t\t\t\t<\/div>\n\t\t<\/section>\n\t\t\t\t\t\t\t<\/div>\n\t\t","protected":false},"excerpt":{"rendered":"<p>Nomination Un acompte peut \u00eatre demand\u00e9 pour garantir votre rendez-vous. Notre \u00e9quipe de conseillers client\u00e8le prendra contact avec vous pour recueillir un acompte de 50 livres sterling ou 50 euros. Le solde du paiement sera pr\u00e9lev\u00e9 apr\u00e8s le rendez-vous. Veuillez noter que notre politique d&#8217;annulation exige un pr\u00e9avis de *7 jours* et que les rendez-vous &hellip;<\/p>\n<p class=\"read-more\"> <a class=\"\" href=\"https:\/\/madeinparisclinic.com\/fr\/formulaire-de-rendez-vous\/\"> <span class=\"screen-reader-text\">Formulaire de rendez-vous<\/span> Lire la suite\u00a0\u00bb<\/a><\/p>\n","protected":false},"author":1,"featured_media":0,"parent":0,"menu_order":0,"comment_status":"closed","ping_status":"closed","template":"elementor_header_footer","meta":{"site-sidebar-layout":"no-sidebar","site-content-layout":"page-builder","ast-global-header-display":"","ast-banner-title-visibility":"","ast-main-header-display":"","ast-hfb-above-header-display":"","ast-hfb-below-header-display":"","ast-hfb-mobile-header-display":"","site-post-title":"disabled","ast-breadcrumbs-content":"","ast-featured-img":"disabled","footer-sml-layout":"","theme-transparent-header-meta":"","adv-header-id-meta":"","stick-header-meta":"","header-above-stick-meta":"","header-main-stick-meta":"","header-below-stick-meta":"","footnotes":""},"_links":{"self":[{"href":"https:\/\/madeinparisclinic.com\/fr\/wp-json\/wp\/v2\/pages\/2838"}],"collection":[{"href":"https:\/\/madeinparisclinic.com\/fr\/wp-json\/wp\/v2\/pages"}],"about":[{"href":"https:\/\/madeinparisclinic.com\/fr\/wp-json\/wp\/v2\/types\/page"}],"author":[{"embeddable":true,"href":"https:\/\/madeinparisclinic.com\/fr\/wp-json\/wp\/v2\/users\/1"}],"replies":[{"embeddable":true,"href":"https:\/\/madeinparisclinic.com\/fr\/wp-json\/wp\/v2\/comments?post=2838"}],"version-history":[{"count":1,"href":"https:\/\/madeinparisclinic.com\/fr\/wp-json\/wp\/v2\/pages\/2838\/revisions"}],"predecessor-version":[{"id":2839,"href":"https:\/\/madeinparisclinic.com\/fr\/wp-json\/wp\/v2\/pages\/2838\/revisions\/2839"}],"wp:attachment":[{"href":"https:\/\/madeinparisclinic.com\/fr\/wp-json\/wp\/v2\/media?parent=2838"}],"curies":[{"name":"wp","href":"https:\/\/api.w.org\/{rel}","templated":true}]}}