{"id":2836,"date":"2023-07-09T09:14:04","date_gmt":"2023-07-09T09:14:04","guid":{"rendered":"http:\/\/madeinparisclinic.com\/vitamines-injectables\/"},"modified":"2023-08-17T10:13:57","modified_gmt":"2023-08-17T10:13:57","slug":"vitamines-injectables","status":"publish","type":"page","link":"https:\/\/madeinparisclinic.com\/fr\/notre-service\/vitamines-injectables\/","title":{"rendered":"INJECTIONS DE VITAMINES"},"content":{"rendered":"\t\t<div data-elementor-type=\"wp-page\" data-elementor-id=\"2836\" class=\"elementor elementor-2836 elementor-614\" data-elementor-post-type=\"page\">\n\t\t\t\t\t\t\t\t\t<section class=\"elementor-section elementor-top-section elementor-element elementor-element-4f98e17 elementor-section-full_width elementor-section-height-default elementor-section-height-default\" data-id=\"4f98e17\" data-element_type=\"section\" data-settings=\"{&quot;background_background&quot;:&quot;classic&quot;,&quot;_ha_eqh_enable&quot;:false,&quot;ekit_has_onepagescroll_dot&quot;:&quot;yes&quot;}\">\n\t\t\t\t\t\t\t<div class=\"elementor-background-overlay\"><\/div>\n\t\t\t\t\t\t\t<div class=\"elementor-container elementor-column-gap-default\">\n\t\t\t\t\t<div class=\"elementor-column elementor-col-100 elementor-top-column elementor-element elementor-element-5bf1f92\" data-id=\"5bf1f92\" data-element_type=\"column\">\n\t\t\t<div class=\"elementor-widget-wrap elementor-element-populated\">\n\t\t\t\t\t\t\t\t<div class=\"elementor-element elementor-element-b518a34 elementor-widget elementor-widget-heading\" data-id=\"b518a34\" data-element_type=\"widget\" data-settings=\"{&quot;ekit_we_effect_on&quot;:&quot;none&quot;}\" data-widget_type=\"heading.default\">\n\t\t\t\t<div class=\"elementor-widget-container\">\n\t\t\t<style>\/*! elementor - v3.14.0 - 26-06-2023 *\/\n.elementor-heading-title{padding:0;margin:0;line-height:1}.elementor-widget-heading .elementor-heading-title[class*=elementor-size-]>a{color:inherit;font-size:inherit;line-height:inherit}.elementor-widget-heading .elementor-heading-title.elementor-size-small{font-size:15px}.elementor-widget-heading .elementor-heading-title.elementor-size-medium{font-size:19px}.elementor-widget-heading .elementor-heading-title.elementor-size-large{font-size:29px}.elementor-widget-heading .elementor-heading-title.elementor-size-xl{font-size:39px}.elementor-widget-heading .elementor-heading-title.elementor-size-xxl{font-size:59px}<\/style><h2 class=\"elementor-heading-title elementor-size-default\">INJECTIONS DE VITAMINES<\/h2>\t\t<\/div>\n\t\t\t\t<\/div>\n\t\t\t\t\t<\/div>\n\t\t<\/div>\n\t\t\t\t\t\t\t<\/div>\n\t\t<\/section>\n\t\t\t\t<section class=\"elementor-section elementor-top-section elementor-element elementor-element-abe2b4 elementor-reverse-mobile elementor-section-boxed elementor-section-height-default elementor-section-height-default\" data-id=\"abe2b4\" data-element_type=\"section\" data-settings=\"{&quot;_ha_eqh_enable&quot;:false,&quot;ekit_has_onepagescroll_dot&quot;:&quot;yes&quot;}\">\n\t\t\t\t\t\t<div class=\"elementor-container elementor-column-gap-default\">\n\t\t\t\t\t<div class=\"elementor-column elementor-col-50 elementor-top-column elementor-element elementor-element-277a343a\" data-id=\"277a343a\" data-element_type=\"column\">\n\t\t\t<div class=\"elementor-widget-wrap elementor-element-populated\">\n\t\t\t\t\t\t\t\t<div class=\"elementor-element elementor-element-65c7e253 elementor-widget elementor-widget-heading\" data-id=\"65c7e253\" data-element_type=\"widget\" data-settings=\"{&quot;ekit_we_effect_on&quot;:&quot;none&quot;}\" data-widget_type=\"heading.default\">\n\t\t\t\t<div class=\"elementor-widget-container\">\n\t\t\t<h2 class=\"elementor-heading-title elementor-size-default\">Qu'est-ce que les Injections de Vitamines ?<\/h2>\t\t<\/div>\n\t\t\t\t<\/div>\n\t\t\t\t<div class=\"elementor-element elementor-element-5733b350 elementor-widget elementor-widget-heading\" data-id=\"5733b350\" data-element_type=\"widget\" data-settings=\"{&quot;ekit_we_effect_on&quot;:&quot;none&quot;}\" data-widget_type=\"heading.default\">\n\t\t\t\t<div class=\"elementor-widget-container\">\n\t\t\t<h2 class=\"elementor-heading-title elementor-size-default\">Les injections de vitamines fournissent des nutriments essentiels au corps par le biais d'une injection intramusculaire. Les injections de vitamines sont un moyen tr\u00e8s efficace de fournir rapidement des nutriments essentiels au corps. Une option rapide pour renforcer vos vitamines essentielles. Notre injection de B12 est souvent utilis\u00e9e pour les personnes souffrant de faibles niveaux d'\u00e9nergie, tandis que la vitamine D est destin\u00e9e \u00e0 renforcer l'immunit\u00e9 et la sant\u00e9 des cheveux. La B12 est l'injection de vitamine la plus populaire en raison de sa grande vari\u00e9t\u00e9 d'avantages, notamment l'am\u00e9lioration de l'\u00e9nergie, la fonction c\u00e9r\u00e9brale, et bien plus encore.<\/h2>\t\t<\/div>\n\t\t\t\t<\/div>\n\t\t\t\t\t<\/div>\n\t\t<\/div>\n\t\t\t\t<div class=\"elementor-column elementor-col-50 elementor-top-column elementor-element elementor-element-2f2c40\" data-id=\"2f2c40\" data-element_type=\"column\">\n\t\t\t<div class=\"elementor-widget-wrap elementor-element-populated\">\n\t\t\t\t\t\t\t\t<div class=\"elementor-element elementor-element-1cfe9dc4 elementor-invisible elementor-widget elementor-widget-image\" data-id=\"1cfe9dc4\" data-element_type=\"widget\" data-settings=\"{&quot;_animation&quot;:&quot;fadeInRight&quot;,&quot;ekit_we_effect_on&quot;:&quot;none&quot;}\" data-widget_type=\"image.default\">\n\t\t\t\t<div class=\"elementor-widget-container\">\n\t\t\t<style>\/*! elementor - v3.14.0 - 26-06-2023 *\/\n.elementor-widget-image{text-align:center}.elementor-widget-image a{display:inline-block}.elementor-widget-image a img[src$=\".svg\"]{width:48px}.elementor-widget-image img{vertical-align:middle;display:inline-block}<\/style>\t\t\t\t\t\t\t\t\t\t\t\t<img loading=\"lazy\" decoding=\"async\" width=\"1024\" height=\"822\" src=\"https:\/\/madeinparisclinic.com\/wp-content\/uploads\/2023\/07\/covid-vaccine-needle-patient-getting-injection-from-doctor-with-gloves-medical-clinic-healthcare-medicine-nurse-giving-antibody-vaccination-prevent-coronavirus-hospital-1024x822.jpg\" class=\"attachment-large size-large wp-image-2780\" alt=\"\" srcset=\"https:\/\/madeinparisclinic.com\/wp-content\/uploads\/2023\/07\/covid-vaccine-needle-patient-getting-injection-from-doctor-with-gloves-medical-clinic-healthcare-medicine-nurse-giving-antibody-vaccination-prevent-coronavirus-hospital-1024x822.jpg 1024w, https:\/\/madeinparisclinic.com\/wp-content\/uploads\/2023\/07\/covid-vaccine-needle-patient-getting-injection-from-doctor-with-gloves-medical-clinic-healthcare-medicine-nurse-giving-antibody-vaccination-prevent-coronavirus-hospital-300x241.jpg 300w, https:\/\/madeinparisclinic.com\/wp-content\/uploads\/2023\/07\/covid-vaccine-needle-patient-getting-injection-from-doctor-with-gloves-medical-clinic-healthcare-medicine-nurse-giving-antibody-vaccination-prevent-coronavirus-hospital-768x616.jpg 768w, https:\/\/madeinparisclinic.com\/wp-content\/uploads\/2023\/07\/covid-vaccine-needle-patient-getting-injection-from-doctor-with-gloves-medical-clinic-healthcare-medicine-nurse-giving-antibody-vaccination-prevent-coronavirus-hospital.jpg 1500w\" sizes=\"(max-width: 1024px) 100vw, 1024px\" \/>\t\t\t\t\t\t\t\t\t\t\t\t\t\t\t<\/div>\n\t\t\t\t<\/div>\n\t\t\t\t\t<\/div>\n\t\t<\/div>\n\t\t\t\t\t\t\t<\/div>\n\t\t<\/section>\n\t\t\t\t\t\t\t<\/div>\n\t\t","protected":false},"excerpt":{"rendered":"<p>Qu&#8217;est-ce que les Injections de Vitamines ? Les injections de vitamines fournissent des nutriments essentiels au corps par le biais d&#8217;une injection intramusculaire. Les injections de vitamines sont un moyen tr\u00e8s efficace de fournir rapidement des nutriments essentiels au corps. Une option rapide pour renforcer vos vitamines essentielles. Notre injection de B12 est souvent utilis\u00e9e &hellip;<\/p>\n<p class=\"read-more\"> <a class=\"\" href=\"https:\/\/madeinparisclinic.com\/fr\/notre-service\/vitamines-injectables\/\"> <span class=\"screen-reader-text\">INJECTIONS DE VITAMINES<\/span> Lire la suite\u00a0\u00bb<\/a><\/p>\n","protected":false},"author":1,"featured_media":0,"parent":2855,"menu_order":0,"comment_status":"closed","ping_status":"closed","template":"","meta":{"site-sidebar-layout":"no-sidebar","site-content-layout":"page-builder","ast-global-header-display":"","ast-banner-title-visibility":"","ast-main-header-display":"","ast-hfb-above-header-display":"","ast-hfb-below-header-display":"","ast-hfb-mobile-header-display":"","site-post-title":"disabled","ast-breadcrumbs-content":"","ast-featured-img":"disabled","footer-sml-layout":"","theme-transparent-header-meta":"","adv-header-id-meta":"","stick-header-meta":"","header-above-stick-meta":"","header-main-stick-meta":"","header-below-stick-meta":"","footnotes":""},"_links":{"self":[{"href":"https:\/\/madeinparisclinic.com\/fr\/wp-json\/wp\/v2\/pages\/2836"}],"collection":[{"href":"https:\/\/madeinparisclinic.com\/fr\/wp-json\/wp\/v2\/pages"}],"about":[{"href":"https:\/\/madeinparisclinic.com\/fr\/wp-json\/wp\/v2\/types\/page"}],"author":[{"embeddable":true,"href":"https:\/\/madeinparisclinic.com\/fr\/wp-json\/wp\/v2\/users\/1"}],"replies":[{"embeddable":true,"href":"https:\/\/madeinparisclinic.com\/fr\/wp-json\/wp\/v2\/comments?post=2836"}],"version-history":[{"count":3,"href":"https:\/\/madeinparisclinic.com\/fr\/wp-json\/wp\/v2\/pages\/2836\/revisions"}],"predecessor-version":[{"id":3022,"href":"https:\/\/madeinparisclinic.com\/fr\/wp-json\/wp\/v2\/pages\/2836\/revisions\/3022"}],"up":[{"embeddable":true,"href":"https:\/\/madeinparisclinic.com\/fr\/wp-json\/wp\/v2\/pages\/2855"}],"wp:attachment":[{"href":"https:\/\/madeinparisclinic.com\/fr\/wp-json\/wp\/v2\/media?parent=2836"}],"curies":[{"name":"wp","href":"https:\/\/api.w.org\/{rel}","templated":true}]}}