{"id":2834,"date":"2023-07-09T09:31:42","date_gmt":"2023-07-09T09:31:42","guid":{"rendered":"http:\/\/madeinparisclinic.com\/a-propos-de-nous\/"},"modified":"2023-08-16T17:54:41","modified_gmt":"2023-08-16T17:54:41","slug":"a-propos-de-nous","status":"publish","type":"page","link":"https:\/\/madeinparisclinic.com\/fr\/a-propos-de-nous\/","title":{"rendered":"\u00c0 propos de nous"},"content":{"rendered":"\t\t<div data-elementor-type=\"wp-page\" data-elementor-id=\"2834\" class=\"elementor elementor-2834 elementor-643\" data-elementor-post-type=\"page\">\n\t\t\t\t\t\t\t\t\t<section class=\"elementor-section elementor-top-section elementor-element elementor-element-acb1501 elementor-section-full_width elementor-section-height-default elementor-section-height-default\" data-id=\"acb1501\" data-element_type=\"section\" data-settings=\"{&quot;background_background&quot;:&quot;classic&quot;,&quot;_ha_eqh_enable&quot;:false,&quot;ekit_has_onepagescroll_dot&quot;:&quot;yes&quot;}\">\n\t\t\t\t\t\t<div class=\"elementor-container elementor-column-gap-default\">\n\t\t\t\t\t<div class=\"elementor-column elementor-col-100 elementor-top-column elementor-element elementor-element-3bee239\" data-id=\"3bee239\" data-element_type=\"column\">\n\t\t\t<div class=\"elementor-widget-wrap elementor-element-populated\">\n\t\t\t\t\t\t\t\t<section class=\"elementor-section elementor-inner-section elementor-element elementor-element-8572622 elementor-section-boxed elementor-section-height-default elementor-section-height-default\" data-id=\"8572622\" data-element_type=\"section\" data-settings=\"{&quot;_ha_eqh_enable&quot;:false,&quot;ekit_has_onepagescroll_dot&quot;:&quot;yes&quot;}\">\n\t\t\t\t\t\t<div class=\"elementor-container elementor-column-gap-default\">\n\t\t\t\t\t<div class=\"elementor-column elementor-col-100 elementor-inner-column elementor-element elementor-element-cfd332e\" data-id=\"cfd332e\" data-element_type=\"column\">\n\t\t\t<div class=\"elementor-widget-wrap elementor-element-populated\">\n\t\t\t\t\t\t\t\t<div class=\"elementor-element elementor-element-f8f88d6 elementor-widget-tablet__width-initial elementor-widget elementor-widget-heading\" data-id=\"f8f88d6\" data-element_type=\"widget\" data-settings=\"{&quot;ekit_we_effect_on&quot;:&quot;none&quot;}\" data-widget_type=\"heading.default\">\n\t\t\t\t<div class=\"elementor-widget-container\">\n\t\t\t<style>\/*! elementor - v3.14.0 - 26-06-2023 *\/\n.elementor-heading-title{padding:0;margin:0;line-height:1}.elementor-widget-heading .elementor-heading-title[class*=elementor-size-]>a{color:inherit;font-size:inherit;line-height:inherit}.elementor-widget-heading .elementor-heading-title.elementor-size-small{font-size:15px}.elementor-widget-heading .elementor-heading-title.elementor-size-medium{font-size:19px}.elementor-widget-heading .elementor-heading-title.elementor-size-large{font-size:29px}.elementor-widget-heading .elementor-heading-title.elementor-size-xl{font-size:39px}.elementor-widget-heading .elementor-heading-title.elementor-size-xxl{font-size:59px}<\/style><h2 class=\"elementor-heading-title elementor-size-default\">A propos de nous<\/h2>\t\t<\/div>\n\t\t\t\t<\/div>\n\t\t\t\t\t<\/div>\n\t\t<\/div>\n\t\t\t\t\t\t\t<\/div>\n\t\t<\/section>\n\t\t\t\t\t<\/div>\n\t\t<\/div>\n\t\t\t\t\t\t\t<\/div>\n\t\t<\/section>\n\t\t\t\t<section class=\"elementor-section elementor-top-section elementor-element elementor-element-666f9c9 elementor-reverse-mobile elementor-section-boxed elementor-section-height-default elementor-section-height-default\" data-id=\"666f9c9\" data-element_type=\"section\" data-settings=\"{&quot;_ha_eqh_enable&quot;:false,&quot;ekit_has_onepagescroll_dot&quot;:&quot;yes&quot;}\">\n\t\t\t\t\t\t<div class=\"elementor-container elementor-column-gap-default\">\n\t\t\t\t\t<div class=\"elementor-column elementor-col-100 elementor-top-column elementor-element elementor-element-c44bc3b\" data-id=\"c44bc3b\" data-element_type=\"column\">\n\t\t\t<div class=\"elementor-widget-wrap elementor-element-populated\">\n\t\t\t\t\t\t\t\t<div class=\"elementor-element elementor-element-2f02822 elementor-widget elementor-widget-heading\" data-id=\"2f02822\" data-element_type=\"widget\" data-settings=\"{&quot;ekit_we_effect_on&quot;:&quot;none&quot;}\" data-widget_type=\"heading.default\">\n\t\t\t\t<div class=\"elementor-widget-container\">\n\t\t\t<h2 class=\"elementor-heading-title elementor-size-default\">Notre Histoire<\/h2>\t\t<\/div>\n\t\t\t\t<\/div>\n\t\t\t\t<div class=\"elementor-element elementor-element-e9cd6a7 animated-slow elementor-invisible elementor-widget elementor-widget-heading\" data-id=\"e9cd6a7\" data-element_type=\"widget\" data-settings=\"{&quot;_animation&quot;:&quot;fadeIn&quot;,&quot;ekit_we_effect_on&quot;:&quot;none&quot;}\" data-widget_type=\"heading.default\">\n\t\t\t\t<div class=\"elementor-widget-container\">\n\t\t\t<h3 class=\"elementor-heading-title elementor-size-medium\">L'histoire de Made In Paris Clinic d\u00e9bute avec le choix \u00e9clair\u00e9 de notre fondatrice fran\u00e7aise. Le nom de notre clinique rend hommage \u00e0 la ville la plus enchanteresse au monde, PARIS.\nLa ville de l'amour, de l'art, aux architectures imposantes et \u00e0 l'\u00e9l\u00e9gance l\u00e9gendaire et in\u00e9gal\u00e9e.\n<br>\nInspir\u00e9s par le raffinement du \"savoir-faire\" \u00e0 la fran\u00e7aise, nous impr\u00e9gnons notre passion pour l'esth\u00e9tique d'une empreinte singuli\u00e8re, une signature nomm\u00e9e \"French touch\". Tel un v\u00eatement haute couture, cette touche fran\u00e7aise est instinctive et inn\u00e9e, un subtil m\u00e9lange d'\u00e9l\u00e9gance, de retenue et de distinction.\n<br>\nDans les enceintes de notre clinique, notre credo est ancr\u00e9 dans la recherche de r\u00e9sultats naturels, sublimant votre beaut\u00e9 sans artifice excessif. En tant qu'\u00e9minente clinique londonienne, nous offrons une exp\u00e9rience personnalis\u00e9e, une exp\u00e9rience qui octroie \u00e0 nos clients le pouvoir d'am\u00e9liorer leur bien-\u00eatre physique, mental et spirituel.\n<br>\nNos traitements, adapt\u00e9s \u00e0 toutes les ethnies et \u00e0 tous les types de peau, s'inscrivent dans une approche selon laquelle moins \u00e9quivaut souvent \u00e0 davantage. Privil\u00e9giant la s\u00e9curit\u00e9, l'\u00e9thique et l'efficacit\u00e9, nous puisons dans les derni\u00e8res avanc\u00e9es scientifiques et les innovations pour offrir des traitements convoit\u00e9s au sein de l'industrie.\n<br>\nMade In Paris se distingue par une vision unique, anim\u00e9e par l'excellence et un code \u00e9thique mettant l'accent sur la discr\u00e9tion, la confidentialit\u00e9 et la pr\u00e9servation de la vie priv\u00e9e. C'est avec une chaleur sinc\u00e8re que nous accueillons visages familiers et nouveaux, en faisant preuve d'un respect in\u00e9branlable envers chacun.<\/h3>\t\t<\/div>\n\t\t\t\t<\/div>\n\t\t\t\t<div class=\"elementor-element elementor-element-3c0161d elementor-widget elementor-widget-heading\" data-id=\"3c0161d\" data-element_type=\"widget\" data-settings=\"{&quot;ekit_we_effect_on&quot;:&quot;none&quot;}\" data-widget_type=\"heading.default\">\n\t\t\t\t<div class=\"elementor-widget-container\">\n\t\t\t<h2 class=\"elementor-heading-title elementor-size-default\">\"Made In Paris Clinic, ce n'est pas simplement une clinique esth\u00e9tique, c'est un lifestyle.\"<\/h2>\t\t<\/div>\n\t\t\t\t<\/div>\n\t\t\t\t\t<\/div>\n\t\t<\/div>\n\t\t\t\t\t\t\t<\/div>\n\t\t<\/section>\n\t\t\t\t<section class=\"elementor-section elementor-top-section elementor-element elementor-element-33bf167 elementor-section-height-min-height elementor-section-boxed elementor-section-height-default elementor-section-items-middle\" data-id=\"33bf167\" data-element_type=\"section\" data-settings=\"{&quot;_ha_eqh_enable&quot;:false,&quot;ekit_has_onepagescroll_dot&quot;:&quot;yes&quot;}\">\n\t\t\t\t\t\t<div class=\"elementor-container elementor-column-gap-custom\">\n\t\t\t\t\t<div class=\"elementor-column elementor-col-100 elementor-top-column elementor-element elementor-element-b2c2283\" data-id=\"b2c2283\" data-element_type=\"column\">\n\t\t\t<div class=\"elementor-widget-wrap elementor-element-populated\">\n\t\t\t\t\t\t\t\t<div class=\"elementor-element elementor-element-d5264e0 elementor-widget__width-initial elementor-widget elementor-widget-image\" data-id=\"d5264e0\" data-element_type=\"widget\" data-settings=\"{&quot;ekit_we_effect_on&quot;:&quot;none&quot;}\" data-widget_type=\"image.default\">\n\t\t\t\t<div class=\"elementor-widget-container\">\n\t\t\t<style>\/*! elementor - v3.14.0 - 26-06-2023 *\/\n.elementor-widget-image{text-align:center}.elementor-widget-image a{display:inline-block}.elementor-widget-image a img[src$=\".svg\"]{width:48px}.elementor-widget-image img{vertical-align:middle;display:inline-block}<\/style>\t\t\t\t\t\t\t\t\t\t\t\t<img loading=\"lazy\" decoding=\"async\" width=\"768\" height=\"1024\" src=\"https:\/\/madeinparisclinic.com\/wp-content\/uploads\/2023\/08\/IMG_4921-768x1024.jpg\" class=\"attachment-medium_large size-medium_large wp-image-2811\" alt=\"\" srcset=\"https:\/\/madeinparisclinic.com\/wp-content\/uploads\/2023\/08\/IMG_4921-768x1024.jpg 768w, https:\/\/madeinparisclinic.com\/wp-content\/uploads\/2023\/08\/IMG_4921-225x300.jpg 225w, https:\/\/madeinparisclinic.com\/wp-content\/uploads\/2023\/08\/IMG_4921-1152x1536.jpg 1152w, https:\/\/madeinparisclinic.com\/wp-content\/uploads\/2023\/08\/IMG_4921-1536x2048.jpg 1536w, https:\/\/madeinparisclinic.com\/wp-content\/uploads\/2023\/08\/IMG_4921-scaled.jpg 1920w\" sizes=\"(max-width: 768px) 100vw, 768px\" \/>\t\t\t\t\t\t\t\t\t\t\t\t\t\t\t<\/div>\n\t\t\t\t<\/div>\n\t\t\t\t\t<\/div>\n\t\t<\/div>\n\t\t\t\t\t\t\t<\/div>\n\t\t<\/section>\n\t\t\t\t\t\t\t<\/div>\n\t\t","protected":false},"excerpt":{"rendered":"<p>A propos de nous Notre Histoire L&#8217;histoire de Made In Paris Clinic d\u00e9bute avec le choix \u00e9clair\u00e9 de notre fondatrice fran\u00e7aise. Le nom de notre clinique rend hommage \u00e0 la ville la plus enchanteresse au monde, PARIS. La ville de l&#8217;amour, de l&#8217;art, aux architectures imposantes et \u00e0 l&#8217;\u00e9l\u00e9gance l\u00e9gendaire et in\u00e9gal\u00e9e. Inspir\u00e9s par le &hellip;<\/p>\n<p class=\"read-more\"> <a class=\"\" href=\"https:\/\/madeinparisclinic.com\/fr\/a-propos-de-nous\/\"> <span class=\"screen-reader-text\">\u00c0 propos de nous<\/span> Lire la suite\u00a0\u00bb<\/a><\/p>\n","protected":false},"author":1,"featured_media":0,"parent":0,"menu_order":0,"comment_status":"closed","ping_status":"closed","template":"elementor_header_footer","meta":{"site-sidebar-layout":"no-sidebar","site-content-layout":"page-builder","ast-global-header-display":"","ast-banner-title-visibility":"","ast-main-header-display":"","ast-hfb-above-header-display":"","ast-hfb-below-header-display":"","ast-hfb-mobile-header-display":"","site-post-title":"disabled","ast-breadcrumbs-content":"","ast-featured-img":"disabled","footer-sml-layout":"","theme-transparent-header-meta":"","adv-header-id-meta":"","stick-header-meta":"","header-above-stick-meta":"","header-main-stick-meta":"","header-below-stick-meta":"","footnotes":""},"_links":{"self":[{"href":"https:\/\/madeinparisclinic.com\/fr\/wp-json\/wp\/v2\/pages\/2834"}],"collection":[{"href":"https:\/\/madeinparisclinic.com\/fr\/wp-json\/wp\/v2\/pages"}],"about":[{"href":"https:\/\/madeinparisclinic.com\/fr\/wp-json\/wp\/v2\/types\/page"}],"author":[{"embeddable":true,"href":"https:\/\/madeinparisclinic.com\/fr\/wp-json\/wp\/v2\/users\/1"}],"replies":[{"embeddable":true,"href":"https:\/\/madeinparisclinic.com\/fr\/wp-json\/wp\/v2\/comments?post=2834"}],"version-history":[{"count":3,"href":"https:\/\/madeinparisclinic.com\/fr\/wp-json\/wp\/v2\/pages\/2834\/revisions"}],"predecessor-version":[{"id":2964,"href":"https:\/\/madeinparisclinic.com\/fr\/wp-json\/wp\/v2\/pages\/2834\/revisions\/2964"}],"wp:attachment":[{"href":"https:\/\/madeinparisclinic.com\/fr\/wp-json\/wp\/v2\/media?parent=2834"}],"curies":[{"name":"wp","href":"https:\/\/api.w.org\/{rel}","templated":true}]}}